{"id":38327,"date":"2026-04-21T10:00:45","date_gmt":"2026-04-21T09:00:45","guid":{"rendered":"https:\/\/www.tenerifeperla.com\/fidelidad-vip\/"},"modified":"2026-05-13T11:06:29","modified_gmt":"2026-05-13T10:06:29","slug":"fidelidad-vip","status":"publish","type":"page","link":"https:\/\/www.tenerifeperla.com\/es\/fidelidad-vip\/","title":{"rendered":"Fidelidad VIP"},"content":{"rendered":"<div class=\"lazyblock-hero-banner-image-Z28MCzp wp-block-lazyblock-hero-banner-image\">\n<style>\n\/* responsive and alignment styles *\/\n@media (min-width: 1140px) {\n  .lazyblock-hero-banner-Z28MCzp .heading-button-wrapper {\n    max-width: 1200px;\n  }\n\n  \/* explicit targets for your named button classes (extra specificity) *\/\n  .btn-primary,\n  .btn-secondary,\n  .btn-terciary,\n  .btn-orange {\n    font-size: 15px !important;\n  }\n}\n\n@media (max-width: 781px) {\n  .lazyblock-hero-banner-Z28MCzp .wp-block-cover.hero-banner {\n    min-height: 346px !important;\n      }\n}\n\n@media (max-width: 1140px) {\n  .lazyblock-hero-banner-Z28MCzp .btn-center .lazyblock-hero-banner .flex {\n    flex-direction: row;\n    align-items: center;\n    gap: 2rem;\n  }\n\n  .hero-heading {\n      font-size: 40px !important;\n    }\n\n  .btn-center .hero-heading,\n  .btn-center .hero-subheading {\n    margin: 0;\n  }\n\n  .btn-center .mt-4 {\n    margin-top: 0 !important;\n  }\n}\n\n\/* Force center ONLY when NO btn-center *\/\n\n\/* Reduce font-size for Roboto H1 only if there is no promotion *\/\n.lazyblock-hero-banner-Z28MCzp .heading-roboto-small,\n.lazyblock-hero-banner-Z28MCzp .heading-alegreya-small {\n    font-size: 48px; \/* adjust as needed *\/\n    line-height: 1.2;\n}\n\n@media (max-width: 1140px) {\n    .lazyblock-hero-banner-Z28MCzp .heading-roboto-small,\n.lazyblock-hero-banner-Z28MCzp .heading-alegreya-small  {\n        font-size: 32px;\n    }\n}\n\n@media (max-width: 781px) {\n    .lazyblock-hero-banner-Z28MCzp .heading-roboto-small,\n.lazyblock-hero-banner-Z28MCzp .heading-alegreya-small  {\n        font-size: 32px;\n    }\n}\n\n.lazyblock-hero-banner-Z28MCzp .hero-subheading-h3 {\n  font-size: 50px;\n}\n\n@media (max-width: 1140px) {\n  .lazyblock-hero-banner-Z28MCzp .hero-subheading-h3 {\n    font-size: 30px;\n  }\n}\n\n@media (max-width: 781px) {\n  .lazyblock-hero-banner-Z28MCzp .hero-subheading-h3 {\n    font-size: 20px;\n  }\n}\n\n.lazyblock-hero-banner-Z28MCzp .hero-promotion-h2 {\n  font-size: 50px;\n}\n\n@media (max-width: 1140px) {\n  .lazyblock-hero-banner-Z28MCzp .hero-promotion-h2 {\n    font-size: 30px;\n  }\n}\n\n@media (max-width: 781px) {\n  .lazyblock-hero-banner-Z28MCzp .hero-promotion-h2 {\n    font-size: 20px;\n  }\n}\n\n\/* Overlay support *\/\n.hero-overlay-active {\n  position: relative;\n}\n.hero-overlay-active::before {\n  content: \"\";\n  position: absolute;\n  inset: 0;\n  background: rgba(0,0,0,0.2);\n  z-index: 1;\n}\n.hero-overlay-active .wp-block-cover__inner-container {\n  position: relative;\n  z-index: 2;\n}\n\n\/* Ribbon Badge *\/\n.lazyblock-hero-banner-Z28MCzp .hero-promotion-h2 {\n  width: 60%;\n  max-width: 600px;\n  position: relative;\n  background: #fff;\n  text-align: center;\n  font-size: 40px; \/* Adjusted font size *\/\n  font-weight: bold;\n  text-transform: uppercase;\n  padding: 0.5em;\n  margin: 1em auto 2em;\n  transform: rotate(350deg) skew(-15deg, 5deg); \/* Adjusted skew for longer tails *\/\n  box-shadow: 0 4px 6px rgba(0, 0, 0, 0.1);\n}\n\n\/* Ribbon tails *\/\n.lazyblock-hero-banner-Z28MCzp .hero-promotion-h2::before,\n.lazyblock-hero-banner-Z28MCzp .hero-promotion-h2::after {\n  content: \"\";\n  position: absolute;\n  display: block;\n  bottom: -1em;\n  border: 1em solid #fff;\n  z-index: -1;\n}\n\n\/* Left tail *\/\n.lazyblock-hero-banner-Z28MCzp .hero-promotion-h2::before {\n  left: -3em;\n  border-right-width: 3em;\n  border-left-color: transparent;\n}\n\n\/* Right tail *\/\n.lazyblock-hero-banner-Z28MCzp .hero-promotion-h2::after {\n  right: -3em;\n  border-left-width: 3em;\n  border-right-color: transparent;\n}\n\n.lazyblock-hero-banner-Z28MCzp .promotion-content:before,\n.lazyblock-hero-banner-Z28MCzp .promotion-content:after {\n  content: \"\";\n  position: absolute;\n  display: block;\n  border-style: solid;\n  border-color: rgba(200, 70, 0, 0.5) transparent transparent transparent;\n  bottom: -1em;\n}\n\n.lazyblock-hero-banner-Z28MCzp .promotion-content:before {\n  left: 0;\n  border-width: 1em 0 0 1em;\n}\n\n.lazyblock-hero-banner-Z28MCzp .promotion-content:after {\n  right: 0;\n border-width: 1em 1em 0 0;\n}\n\n.lazyblock-hero-banner.alignfull {\n  margin-top: 0 !important;\n}\n\n\/* Responsive adjustments *\/\n@media (max-width: 1200px) {\n  .lazyblock-hero-banner-Z28MCzp .hero-promotion-h2 {\n    width: 70%;\n    font-size: clamp(16px, 3vw, 20px);\n    margin-bottom: 3rem;\n  }\n  \n}\n\n@media (max-width: 781px) {\n  .lazyblock-hero-banner-Z28MCzp .hero-promotion-h2 {\n    width: 90%;\n    font-size: clamp(14px, 4vw, 18px);\n    padding: 0.4em 1.5em;\n  }\n}\n\n\/* Content alignment *\/\n.lazyblock-hero-banner-Z28MCzp .wp-block-cover__inner-container .content-align-Z28MCzp {\n  align-items: center !important;\n  text-align: center;\n}\n\n@media (min-width: 781px) and (max-width: 1199px) {\n  .lazyblock-hero-banner-Z28MCzp .wp-block-cover__inner-container .content-align-Z28MCzp {\n    align-items: center !important;\n    text-align: center;\n  }\n}\n\n@media (min-width: 1200px) {\n  .lazyblock-hero-banner-Z28MCzp .wp-block-cover__inner-container .content-align-Z28MCzp {\n    align-items: center !important;\n    text-align: center;\n  }\n}\n\n.lazyblock-hero-banner-Z28MCzp .hero-heading {\n  font-size: clamp(80px, 10vw, 120px);\n  font-family: Roboto, sans-serif;\n  font-weight: 900;\n  letter-spacing: -1px;\n  line-height: 1.05;\n  text-transform: none;\n  text-shadow: 0 2px 0 rgba(0,0,0,0.2);\n}\n\n.lazyblock-hero-banner-Z28MCzp .hero-subheading-h3 {\n  font-size: clamp(28px, 5vw, 48px);\n  font-weight: 400;\n  letter-spacing: 0;\n  text-shadow: 0 1px 0 rgba(0,0,0,0.15);\n  line-height: 1.2;\n}\n\n\n<\/style>\n\n<div class=\"lazyblock-hero-banner-Z28MCzp  wp-block-lazyblock-hero-banner-image\">\n  <div class=\"lazyblock-hero-banner alignfull wp-block-lazyblock-hero-banner-image\">\n    <div class=\"wp-block-cover hero-banner w-full bg-cover bg-no-repeat text-white \" style=\"background-color: #F38B3C; min-height: 500px;\">\n      <div class=\"wp-block-cover__inner-container is-layout-flow wp-block-cover-is-layout-flow\">\n        <div class=\"flex flex-col gap-4 w-full content-align-Z28MCzp\">\n          \n                      <div class=\"heading-button-wrapper\">\n                                <h2 class=\"hero-promotion-h2 hero-promotion font-semibold font-roboto mb-2\" style=\"text-transform: capitalize; color: #F38B3C;\">\n                      <span class=\"promotion-content\">HAZTE VIP HOY<\/span>\n                  <\/h2>\n              \n                              <h1 class=\"hero-heading font-alegreya font-normal \" style=\"color: #ffffff;\">\n                  -10% EXCLUSIVO                <\/h1>\n              \n                              <h3 class=\"hero-subheading-h3 font-normal font-roboto mt-4\" style=\"text-transform: capitalize; color: #ffffff;\">\n                  DESCUENTO DE POR VIDA                <\/h3>\n              \n              \n            <\/div>\n          \n        <\/div>\n      <\/div>\n    <\/div>\n  <\/div>\n<\/div>\n<\/div>\n<div class=\"wp-block-group has-white-background-color has-background is-layout-constrained wp-block-group-is-layout-constrained\">\n<div class=\"wp-block-columns are-vertically-aligned-center narrow-paragraph is-layout-flex wp-container-core-columns-is-layout-9d6595d7 wp-block-columns-is-layout-flex\">\n<div class=\"wp-block-column is-vertically-aligned-center is-layout-constrained wp-block-column-is-layout-constrained\">\n<p class=\"has-text-align-center no-gap\">\u00danete a nuestro programa de Fidelizaci\u00f3n VIP cuando hagas tu compra en la tienda, y la pr\u00f3xima vez que compres con nosotros, podr\u00e1s disfrutar de un 10% de descuento. De por vida, en todas tus compras futuras. <\/p>\n\n\n\n<p class=\"has-text-align-center no-gap\">Para consultar las condiciones completas de Fidelizaci\u00f3n, haz clic <a href=\"https:\/\/www.tenerifeperla.com\/es\/vip-terminos-y-condiciones\/\" data-type=\"page\" data-id=\"36367\">aqu\u00ed<\/a>.<\/p>\n<\/div>\n<\/div>\n<\/div>\n\n<div class=\"wp-block-group has-white-background-color has-background is-layout-constrained wp-block-group-is-layout-constrained\">\n<div class=\"wp-block-columns is-layout-flex wp-container-core-columns-is-layout-9d6595d7 wp-block-columns-is-layout-flex\">\n<div class=\"wp-block-column is-layout-constrained wp-block-column-is-layout-constrained\">\n<div class=\"wp-block-columns col-steps is-layout-flex wp-container-core-columns-is-layout-9d6595d7 wp-block-columns-is-layout-flex\">\n<div class=\"wp-block-column is-layout-flow wp-block-column-is-layout-flow\">\n<div class=\"wp-block-cover is-light no-overlay-cover\"><img decoding=\"async\" class=\"wp-block-cover__image-background wp-image-1303 size-full\" alt=\"TP PAP Akoya Fishing\" src=\"https:\/\/www.tenerifeperla.com\/wp-content\/uploads\/2025\/08\/TP-PAP_Akoya-Fishing_1000x1000.jpg\" data-object-fit=\"cover\"\/><span aria-hidden=\"true\" class=\"wp-block-cover__background has-background-dim\" style=\"background-color:#aaa9aa\"><\/span><div class=\"wp-block-cover__inner-container is-layout-constrained wp-block-cover-is-layout-constrained\">\n<p class=\"has-text-align-center hoverlay\">1. Haz una compra en la tienda<\/p>\n<\/div><\/div>\n<\/div>\n\n\n\n<div class=\"wp-block-column is-layout-flow wp-block-column-is-layout-flow\">\n<div class=\"wp-block-cover is-light no-overlay-cover\"><img decoding=\"async\" class=\"wp-block-cover__image-background wp-image-1222 size-full\" alt=\"TP PAP Pearl-Gauge Knife Shell OnBoard\" src=\"https:\/\/www.tenerifeperla.com\/wp-content\/uploads\/2025\/08\/TP-PAP_Pearl-Gauge-Knife-Shell-OnBoard-2_1000x1000.jpg\" data-object-fit=\"cover\"\/><span aria-hidden=\"true\" class=\"wp-block-cover__background has-background-dim\" style=\"background-color:#aca094\"><\/span><div class=\"wp-block-cover__inner-container is-layout-constrained wp-block-cover-is-layout-constrained\">\n<p class=\"has-text-align-center hoverlay\">2. Ap\u00fantate gratis a Fidelizaci\u00f3n de Clientes VIP<\/p>\n<\/div><\/div>\n<\/div>\n\n\n\n<div class=\"wp-block-column is-layout-flow wp-block-column-is-layout-flow\">\n<div class=\"wp-block-cover is-light no-overlay-cover\"><img decoding=\"async\" class=\"wp-block-cover__image-background wp-image-1228 size-full\" alt=\"TP PAP Grading Screens Size\" src=\"https:\/\/www.tenerifeperla.com\/wp-content\/uploads\/2025\/08\/TP-PAP_GradingScreens_Size_1000x1000.jpg\" data-object-fit=\"cover\"\/><span aria-hidden=\"true\" class=\"wp-block-cover__background has-background-dim\" style=\"background-color:#9c9b8f\"><\/span><div class=\"wp-block-cover__inner-container is-layout-constrained wp-block-cover-is-layout-constrained\">\n<p class=\"has-text-align-center hoverlay\">3. \u00a1Comprueba tu bandeja de entrada y vuelve a comprar para obtener un 10% de descuento!<\/p>\n<\/div><\/div>\n<\/div>\n<\/div>\n<\/div>\n<\/div>\n<\/div>\n\n<div class=\"wp-block-group has-white-background-color has-background is-layout-constrained wp-block-group-is-layout-constrained\">\n<div class=\"wp-block-columns are-vertically-aligned-center is-layout-flex wp-container-core-columns-is-layout-9d6595d7 wp-block-columns-is-layout-flex\">\n<div class=\"wp-block-column is-vertically-aligned-center col-contact is-content-justification-left is-layout-constrained wp-container-core-column-is-layout-8c890d92 wp-block-column-is-layout-constrained\">\n<h2 class=\"wp-block-heading has-text-align-left\">\u00a1VISITA NUESTRO CENTRO PRINCIPAL Y AP\u00daNTATE HOY MISMO!<\/h2>\n\n\n\n<p class=\"has-text-align-left\">Nuestro centro principal se encuentra en Arme\u00f1ime, en la carretera costera que va de Adeje a Los Gigantes.<\/p>\n\n\n\n<p class=\"has-text-align-left no-gap\">Ctra General del Sur 12<\/p>\n\n\n\n<p class=\"has-text-align-left no-gap \">38678 Ame\u00f1ime &#8211; Adeje<\/p>\n\n\n\n<p class=\"has-text-align-left mt-4\">Tel\u00e9fono: (+34) 922 741 759<\/p>\n\n\n\n<p class=\"has-text-align-left no-gap \">Correo electr\u00f3nico: <a href=\"mailto:sac@tenerifeperla.com\">sac@tenerifeperla.com<\/a><\/p>\n\n\n\n<p class=\"has-text-align-left\">Autob\u00fas p\u00fablico (Titsa) n\u00ba 472-473-477<\/p>\n\n\n\n<p class=\"has-text-align-left\"><a href=\"https:\/\/www.google.com\/maps\/dir\/?api=1&#038;destination=Arme%C3%B1ime%2C+Tenerife+Perla+-+Arme%C3%B1ime%2C+Carretera+General+del+Sur+km+12%2C+Arme%C3%B1ime%2C+Santa+Cruz+de+Tenerife%2C+38678%2C+Spain&#038;travelmode=driving\" data-type=\"link\" data-id=\"https:\/\/www.google.com\/maps\/dir\/?api=1&amp;origin=38678%20Arme%C3%B1ime%20-%20Adeje%20de%2C%2038678%20Arme%C3%B1ime%2C%20Santa%20Cruz%20de%20Tenerife%2C%20Spain&amp;destination=Tenerife%20Perla%20-%20Arme%C3%B1ime%2C%20Arme%C3%B1ime%2C%2038678%2C%20Spain&amp;travelmode=driving\" target=\"_blank\" rel=\"noreferrer noopener\">Ver mapa<\/a><\/p>\n\n\n\n<p class=\"has-text-align-left\" style=\"font-style:normal;font-weight:500\">Horario de apertura<\/p>\n\n\n\n<p class=\"has-text-align-left no-gap \">Lun &#8211; Dom 10:00 a 20:00<\/p>\n\n\n\n<div class=\"wp-block-buttons is-content-justification-left is-layout-flex wp-container-core-buttons-is-layout-76ea2f42 wp-block-buttons-is-layout-flex\">\n<div class=\"wp-block-button is-style-primary\"><a class=\"wp-block-button__link has-text-align-center wp-element-button\" href=\"\/es\/encuentranos\/\">Ver todas nuestras tiendas<\/a><\/div>\n<\/div>\n<\/div>\n\n\n\n<div class=\"wp-block-column is-vertically-aligned-center col-shadow is-layout-flow wp-block-column-is-layout-flow\"><div id=\"wpsl-base-gmap_0\" class=\"wpsl-gmap-canvas\"><\/div>\r\n<style>#wpsl-base-gmap_0 {height:440px;}<\/style>\r\n\n<\/div>\n<\/div>\n<\/div>\n\n<div class=\"wp-block-group mt-4 has-light-background-color has-background is-layout-constrained wp-block-group-is-layout-constrained\">\n<div class=\"wp-block-columns is-layout-flex wp-container-core-columns-is-layout-9d6595d7 wp-block-columns-is-layout-flex\">\n<div class=\"wp-block-column is-layout-constrained wp-block-column-is-layout-constrained\" style=\"flex-basis:100%\">\n<div class=\"wp-block-columns narrow-paragraph is-layout-flex wp-container-core-columns-is-layout-9d6595d7 wp-block-columns-is-layout-flex\">\n<div class=\"wp-block-column is-layout-flow wp-block-column-is-layout-flow\">\n<h2 class=\"wp-block-heading has-text-align-center has-md-font-size\">Descubre Nuestra Colecci\u00f3n de Perlas<\/h2>\n\n\n\n<p class=\"has-text-align-center\">Insp\u00edrate con algunas de las perlas que podr\u00e1s ver en tienda.<\/p>\n<\/div>\n<\/div>\n\n\n\n<div class=\"wp-block-columns fourcols is-layout-flex wp-container-core-columns-is-layout-9d6595d7 wp-block-columns-is-layout-flex\">\n<div class=\"wp-block-column cat-button-cover is-layout-constrained wp-block-column-is-layout-constrained\">\n<div class=\"wp-block-cover is-light\" style=\"min-height:350px;aspect-ratio:unset;\"><img decoding=\"async\" class=\"wp-block-cover__image-background wp-image-1345 size-full\" alt=\"model wearing pearl necklace and ring\" src=\"https:\/\/www.tenerifeperla.com\/wp-content\/uploads\/2025\/08\/island-inspired.jpg\" data-object-fit=\"cover\"\/><span aria-hidden=\"true\" class=\"wp-block-cover__background has-accent-background-color has-background-dim-20 has-background-dim\"><\/span><div class=\"wp-block-cover__inner-container is-layout-flow wp-block-cover-is-layout-flow\">\n<p class=\"has-text-align-center has-large-font-size\"><\/p>\n<\/div><\/div>\n<\/div>\n\n\n\n<div class=\"wp-block-column cat-button-cover is-layout-constrained wp-block-column-is-layout-constrained\">\n<div class=\"wp-block-cover\" style=\"min-height:350px;aspect-ratio:unset;\"><img loading=\"lazy\" decoding=\"async\" width=\"600\" height=\"800\" class=\"wp-block-cover__image-background wp-image-36629 size-full\" alt=\"Rita\" src=\"https:\/\/www.tenerifeperla.com\/wp-content\/uploads\/2025\/12\/rita.jpg\" data-object-fit=\"cover\" srcset=\"https:\/\/www.tenerifeperla.com\/wp-content\/uploads\/2025\/12\/rita.jpg 600w, https:\/\/www.tenerifeperla.com\/wp-content\/uploads\/2025\/12\/rita-300x400.jpg 300w, https:\/\/www.tenerifeperla.com\/wp-content\/uploads\/2025\/12\/rita-64x85.jpg 64w, https:\/\/www.tenerifeperla.com\/wp-content\/uploads\/2025\/12\/rita-225x300.jpg 225w\" sizes=\"auto, (max-width: 600px) 100vw, 600px\" \/><span aria-hidden=\"true\" class=\"wp-block-cover__background has-footer-background-color has-background-dim-20 has-background-dim\"><\/span><div class=\"wp-block-cover__inner-container is-layout-flow wp-block-cover-is-layout-flow\">\n<p class=\"has-text-align-center has-large-font-size\"><\/p>\n<\/div><\/div>\n<\/div>\n\n\n\n<div class=\"wp-block-column cat-button-cover is-layout-constrained wp-block-column-is-layout-constrained\">\n<div class=\"wp-block-cover\" style=\"min-height:350px;aspect-ratio:unset;\"><img loading=\"lazy\" decoding=\"async\" width=\"600\" height=\"800\" class=\"wp-block-cover__image-background wp-image-36628 size-full\" alt=\"Joy &amp; Solera\" src=\"https:\/\/www.tenerifeperla.com\/wp-content\/uploads\/2025\/12\/Joy-Solera.jpg\" data-object-fit=\"cover\" srcset=\"https:\/\/www.tenerifeperla.com\/wp-content\/uploads\/2025\/12\/Joy-Solera.jpg 600w, https:\/\/www.tenerifeperla.com\/wp-content\/uploads\/2025\/12\/Joy-Solera-300x400.jpg 300w, https:\/\/www.tenerifeperla.com\/wp-content\/uploads\/2025\/12\/Joy-Solera-64x85.jpg 64w, https:\/\/www.tenerifeperla.com\/wp-content\/uploads\/2025\/12\/Joy-Solera-225x300.jpg 225w\" sizes=\"auto, (max-width: 600px) 100vw, 600px\" \/><span aria-hidden=\"true\" class=\"wp-block-cover__background has-accent-background-color has-background-dim-20 has-background-dim\"><\/span><div class=\"wp-block-cover__inner-container is-layout-flow wp-block-cover-is-layout-flow\">\n<p class=\"has-text-align-center has-large-font-size\"><\/p>\n<\/div><\/div>\n<\/div>\n\n\n\n<div class=\"wp-block-column cat-button-cover is-layout-constrained wp-block-column-is-layout-constrained\">\n<div class=\"wp-block-cover\" style=\"min-height:350px;aspect-ratio:unset;\"><img loading=\"lazy\" decoding=\"async\" width=\"600\" height=\"800\" class=\"wp-block-cover__image-background wp-image-36630 size-full\" alt=\"Solera\" src=\"https:\/\/www.tenerifeperla.com\/wp-content\/uploads\/2025\/12\/Solera.jpg\" data-object-fit=\"cover\" srcset=\"https:\/\/www.tenerifeperla.com\/wp-content\/uploads\/2025\/12\/Solera.jpg 600w, https:\/\/www.tenerifeperla.com\/wp-content\/uploads\/2025\/12\/Solera-300x400.jpg 300w, https:\/\/www.tenerifeperla.com\/wp-content\/uploads\/2025\/12\/Solera-64x85.jpg 64w, https:\/\/www.tenerifeperla.com\/wp-content\/uploads\/2025\/12\/Solera-225x300.jpg 225w\" sizes=\"auto, (max-width: 600px) 100vw, 600px\" \/><span aria-hidden=\"true\" class=\"wp-block-cover__background has-accent-background-color has-background-dim-20 has-background-dim\"><\/span><div class=\"wp-block-cover__inner-container is-layout-flow wp-block-cover-is-layout-flow\">\n<p class=\"has-text-align-center has-large-font-size\"><\/p>\n<\/div><\/div>\n<\/div>\n<\/div>\n\n\n\n<div class=\"wp-block-columns is-layout-flex wp-container-core-columns-is-layout-9d6595d7 wp-block-columns-is-layout-flex\">\n<div class=\"wp-block-column is-layout-flow wp-block-column-is-layout-flow\">\n<div class=\"wp-block-buttons is-content-justification-center is-layout-flex wp-container-core-buttons-is-layout-16018d1d wp-block-buttons-is-layout-flex\">\n<div class=\"wp-block-button is-style-primary\"><a class=\"wp-block-button__link wp-element-button\" href=\"\/es\/perlas-que-inspiran\/\">Mira lo que te espera<\/a><\/div>\n<\/div>\n<\/div>\n<\/div>\n<\/div>\n<\/div>\n<\/div>\n","protected":false},"excerpt":{"rendered":"<p>\u00danete a nuestro programa de Fidelizaci\u00f3n VIP cuando hagas tu compra en la tienda, y la pr\u00f3xima vez que compres con nosotros, podr\u00e1s disfrutar de un 10% de descuento. De por vida, en todas tus compras futuras. Para consultar las condiciones completas de Fidelizaci\u00f3n, haz clic aqu\u00ed. \u00a1VISITA NUESTRO CENTRO PRINCIPAL Y AP\u00daNTATE HOY MISMO! [&hellip;]<\/p>\n","protected":false},"author":1,"featured_media":0,"parent":0,"menu_order":0,"comment_status":"closed","ping_status":"closed","template":"","meta":{"_acf_changed":false,"footnotes":""},"class_list":["post-38327","page","type-page","status-publish","hentry"],"acf":[],"_links":{"self":[{"href":"https:\/\/www.tenerifeperla.com\/es\/wp-json\/wp\/v2\/pages\/38327","targetHints":{"allow":["GET"]}}],"collection":[{"href":"https:\/\/www.tenerifeperla.com\/es\/wp-json\/wp\/v2\/pages"}],"about":[{"href":"https:\/\/www.tenerifeperla.com\/es\/wp-json\/wp\/v2\/types\/page"}],"author":[{"embeddable":true,"href":"https:\/\/www.tenerifeperla.com\/es\/wp-json\/wp\/v2\/users\/1"}],"replies":[{"embeddable":true,"href":"https:\/\/www.tenerifeperla.com\/es\/wp-json\/wp\/v2\/comments?post=38327"}],"version-history":[{"count":5,"href":"https:\/\/www.tenerifeperla.com\/es\/wp-json\/wp\/v2\/pages\/38327\/revisions"}],"predecessor-version":[{"id":39413,"href":"https:\/\/www.tenerifeperla.com\/es\/wp-json\/wp\/v2\/pages\/38327\/revisions\/39413"}],"wp:attachment":[{"href":"https:\/\/www.tenerifeperla.com\/es\/wp-json\/wp\/v2\/media?parent=38327"}],"curies":[{"name":"wp","href":"https:\/\/api.w.org\/{rel}","templated":true}]}}