{"id":38325,"date":"2026-04-21T09:55:35","date_gmt":"2026-04-21T08:55:35","guid":{"rendered":"https:\/\/www.tenerifeperla.com\/terminos-de-todos-los-descuentos\/"},"modified":"2026-05-07T15:23:37","modified_gmt":"2026-05-07T14:23:37","slug":"terminos-de-todos-los-descuentos","status":"publish","type":"page","link":"https:\/\/www.tenerifeperla.com\/es\/terminos-de-todos-los-descuentos\/","title":{"rendered":"T\u00e9rminos de todos los descuentos"},"content":{"rendered":"<div class=\"lazyblock-hero-banner-image-Z28MCzp wp-block-lazyblock-hero-banner-image\">\n<style>\n\/* responsive and alignment styles *\/\n@media (min-width: 1140px) {\n  .lazyblock-hero-banner-Z28MCzp .heading-button-wrapper {\n    max-width: 750px;\n  }\n\n  \/* explicit targets for your named button classes (extra specificity) *\/\n  .btn-primary,\n  .btn-secondary,\n  .btn-terciary,\n  .btn-orange {\n    font-size: 15px !important;\n  }\n}\n\n@media (max-width: 781px) {\n  .lazyblock-hero-banner-Z28MCzp .wp-block-cover.hero-banner {\n    min-height: 346px !important;\n      }\n}\n\n@media (max-width: 1140px) {\n  .lazyblock-hero-banner-Z28MCzp .btn-center .lazyblock-hero-banner .flex {\n    flex-direction: row;\n    align-items: center;\n    gap: 2rem;\n  }\n\n  .hero-heading {\n      font-size: 40px !important;\n    }\n\n  .btn-center .hero-heading,\n  .btn-center .hero-subheading {\n    margin: 0;\n  }\n\n  .btn-center .mt-4 {\n    margin-top: 0 !important;\n  }\n}\n\n\/* Force center ONLY when NO btn-center *\/\n.lazyblock-hero-banner-Z28MCzp .content-align-Z28MCzp {\n    align-items: center !important;\n    text-align: center !important;\n    justify-content: center;\n}\n.lazyblock-hero-banner-Z28MCzp .hero-heading {\n    font-size: 48px !important;\n}\n\n@media (max-width: 781px) {\n    .lazyblock-hero-banner-Z28MCzp .hero-heading {\n        font-size: 38px !important;\n    }\n    .lazyblock-hero-banner-Z28MCzp \n    .wp-block-cover.hero-banner {\n      min-height: 60px !important;\n    }\n}\n.lazyblock-hero-banner-Z28MCzp .wp-block-cover.hero-banner {\n    display: flex;\n    align-items: center;\n    justify-content: center;\n}\n\n\/* Reduce font-size for Roboto H1 only if there is no promotion *\/\n.lazyblock-hero-banner-Z28MCzp .heading-roboto-small,\n.lazyblock-hero-banner-Z28MCzp .heading-alegreya-small {\n    font-size: 48px; \/* adjust as needed *\/\n    line-height: 1.2;\n}\n\n@media (max-width: 1140px) {\n    .lazyblock-hero-banner-Z28MCzp .heading-roboto-small,\n.lazyblock-hero-banner-Z28MCzp .heading-alegreya-small  {\n        font-size: 32px;\n    }\n}\n\n@media (max-width: 781px) {\n    .lazyblock-hero-banner-Z28MCzp .heading-roboto-small,\n.lazyblock-hero-banner-Z28MCzp .heading-alegreya-small  {\n        font-size: 32px;\n    }\n}\n\n.lazyblock-hero-banner-Z28MCzp .hero-subheading-h3 {\n  font-size: 35px;\n}\n\n@media (max-width: 1140px) {\n  .lazyblock-hero-banner-Z28MCzp .hero-subheading-h3 {\n    font-size: 30px;\n  }\n}\n\n@media (max-width: 781px) {\n  .lazyblock-hero-banner-Z28MCzp .hero-subheading-h3 {\n    font-size: 22px;\n  }\n}\n\n.lazyblock-hero-banner-Z28MCzp .hero-promotion-h2 {\n  font-size: 35px;\n}\n\n@media (max-width: 1140px) {\n  .lazyblock-hero-banner-Z28MCzp .hero-promotion-h2 {\n    font-size: 30px;\n  }\n}\n\n@media (max-width: 781px) {\n  .lazyblock-hero-banner-Z28MCzp .hero-promotion-h2 {\n    font-size: 22px;\n  }\n}\n\n\/* Overlay support *\/\n.hero-overlay-active {\n  position: relative;\n}\n.hero-overlay-active::before {\n  content: \"\";\n  position: absolute;\n  inset: 0;\n  background: rgba(0,0,0,0.2);\n  z-index: 1;\n}\n.hero-overlay-active .wp-block-cover__inner-container {\n  position: relative;\n  z-index: 2;\n}\n\n\/* Ribbon Badge *\/\n.lazyblock-hero-banner-Z28MCzp .hero-promotion-h2 {\n  width: 60%;\n  max-width: 600px;\n  position: relative;\n  background: #fff;\n  text-align: center;\n  font-size: 40px; \/* Adjusted font size *\/\n  font-weight: bold;\n  text-transform: uppercase;\n  padding: 0.5em;\n  margin: 1em auto 2em;\n  transform: rotate(350deg) skew(-15deg, 5deg); \/* Adjusted skew for longer tails *\/\n  box-shadow: 0 4px 6px rgba(0, 0, 0, 0.1);\n}\n\n\/* Ribbon tails *\/\n.lazyblock-hero-banner-Z28MCzp .hero-promotion-h2::before,\n.lazyblock-hero-banner-Z28MCzp .hero-promotion-h2::after {\n  content: \"\";\n  position: absolute;\n  display: block;\n  bottom: -1em;\n  border: 1em solid #fff;\n  z-index: -1;\n}\n\n\/* Left tail *\/\n.lazyblock-hero-banner-Z28MCzp .hero-promotion-h2::before {\n  left: -3em;\n  border-right-width: 3em;\n  border-left-color: transparent;\n}\n\n\/* Right tail *\/\n.lazyblock-hero-banner-Z28MCzp .hero-promotion-h2::after {\n  right: -3em;\n  border-left-width: 3em;\n  border-right-color: transparent;\n}\n\n.lazyblock-hero-banner-Z28MCzp .promotion-content:before,\n.lazyblock-hero-banner-Z28MCzp .promotion-content:after {\n  content: \"\";\n  position: absolute;\n  display: block;\n  border-style: solid;\n  border-color: rgba(200, 70, 0, 0.5) transparent transparent transparent;\n  bottom: -1em;\n}\n\n.lazyblock-hero-banner-Z28MCzp .promotion-content:before {\n  left: 0;\n  border-width: 1em 0 0 1em;\n}\n\n.lazyblock-hero-banner-Z28MCzp .promotion-content:after {\n  right: 0;\n border-width: 1em 1em 0 0;\n}\n\n.lazyblock-hero-banner.alignfull {\n  margin-top: 0 !important;\n}\n\n\/* Responsive adjustments *\/\n@media (max-width: 1200px) {\n  .lazyblock-hero-banner-Z28MCzp .hero-promotion-h2 {\n    width: 70%;\n    font-size: clamp(16px, 3vw, 20px);\n    margin-bottom: 3rem;\n  }\n  \n}\n\n@media (max-width: 781px) {\n  .lazyblock-hero-banner-Z28MCzp .hero-promotion-h2 {\n    width: 90%;\n    font-size: clamp(14px, 4vw, 18px);\n    padding: 0.4em 1.5em;\n  }\n}\n\n\/* Content alignment *\/\n.lazyblock-hero-banner-Z28MCzp .wp-block-cover__inner-container .content-align-Z28MCzp {\n  align-items: center !important;\n  text-align: center;\n}\n\n@media (min-width: 781px) and (max-width: 1199px) {\n  .lazyblock-hero-banner-Z28MCzp .wp-block-cover__inner-container .content-align-Z28MCzp {\n    align-items: center !important;\n    text-align: center;\n  }\n}\n\n@media (min-width: 1200px) {\n  .lazyblock-hero-banner-Z28MCzp .wp-block-cover__inner-container .content-align-Z28MCzp {\n    align-items: center !important;\n    text-align: center;\n  }\n}\n\n\n\n<\/style>\n\n<div class=\"lazyblock-hero-banner-Z28MCzp  wp-block-lazyblock-hero-banner-image\">\n  <div class=\"lazyblock-hero-banner alignfull wp-block-lazyblock-hero-banner-image\">\n    <div class=\"wp-block-cover hero-banner w-full bg-cover bg-no-repeat text-white \" style=\"background-position: 60% 0; min-height: 60px;\">\n      <div class=\"wp-block-cover__inner-container is-layout-flow wp-block-cover-is-layout-flow\">\n        <div class=\"flex flex-col gap-4 w-full content-align-Z28MCzp\">\n          \n                      <div class=\"heading-button-wrapper\">\n              \n                              <h1 class=\"hero-heading font-alegreya font-normal heading-alegreya-small\" style=\"color: #000000;\">\n                  Tenerife Perla \u2013 Promociones y condiciones VIP                 <\/h1>\n              \n              \n              \n            <\/div>\n          \n        <\/div>\n      <\/div>\n    <\/div>\n  <\/div>\n<\/div>\n<\/div>\n<div class=\"wp-block-group mb-4 has-white-background-color has-background is-layout-constrained wp-block-group-is-layout-constrained\">\n<div class=\"wp-block-columns is-layout-flex wp-container-core-columns-is-layout-9d6595d7 wp-block-columns-is-layout-flex\">\n<div class=\"wp-block-column is-layout-flow wp-block-column-is-layout-flow\">\n<p class=\"has-text-align-left no-gap\">Esta p\u00e1gina describe los t\u00e9rminos y condiciones de todas las ofertas y promociones en tienda.<\/p>\n\n\n\n<p><strong>Errores en promociones:<\/strong> Nos reservamos el derecho de cancelar y reembolsar cualquier compra en la que se haya aplicado un descuento como resultado de un fallo t\u00e9cnico o error.<\/p>\n\n\n\n<h3 class=\"wp-block-heading mt-4\">Programa de Fidelidad VIP:<\/h3>\n\n\n\n<p class=\"has-text-align-left\">El programa <a href=\"https:\/\/www.tenerifeperla.com\/es\/fidelidad-vip\/\" data-type=\"page\" data-id=\"1653\">VIP Loyalty<\/a> te da acceso a ventajas exclusivas durante todo el a\u00f1o y a ofertas de temporada, comunicadas en tienda y por correo electr\u00f3nico. Cada oferta VIP cuenta con condiciones espec\u00edficas que se detallan en el momento de su comunicaci\u00f3n. <\/p>\n\n\n\n<p class=\"has-text-align-left\">Tenerife Perla se reserva el derecho de retirar las ofertas VIP Loyalty en cualquier momento. Las cuentas VIP est\u00e1n limitadas a una por persona y son de uso exclusivamente personal. <\/p>\n\n\n\n<p class=\"has-text-align-left\">Asimismo, Tenerife Perla podr\u00e1 cancelar o suspender una cuenta VIP o sus beneficios si no se utiliza conforme a estas condiciones.<\/p>\n\n\n\n<p><strong>Ventajas VIP durante todo el a\u00f1o incluyen:<\/strong><\/p>\n\n\n\n<ul class=\"wp-block-list mt-4 mb-4 pl-4\">\n<li>10% de descuento en joyer\u00eda (no aplicable a art\u00edculos del taller ni a mano de obra)<\/li>\n\n\n\n<li>Invitaciones exclusivas a eventos, comunicadas en tienda o por correo electr\u00f3nico<\/li>\n\n\n\n<li>Acceso prioritario durante determinadas promociones, comunicado en tienda o por correo electr\u00f3nico<\/li>\n<\/ul>\n\n\n\n<p class=\"has-text-align-left\">Las ventajas para miembros VIP pueden modificarse en cualquier momento, y Tenerife Perla se reserva el derecho de cambiar, retirar o cancelar cualquier beneficio sin previo aviso.<\/p>\n\n\n\n<h3 class=\"wp-block-heading mt-4\">Promociones espec\u00edficas en tienda:<\/h3>\n\n\n\n<p class=\"has-text-align-left\"><strong>Black Friday:<\/strong> Solo en tiendas Tenerife Perla, en fechas y art\u00edculos seleccionados. No aplicable a art\u00edculos de taller ni a mano de obra. Sin valor canjeable en efectivo.  <\/p>\n\n\n\n<p class=\"has-text-align-left\"><strong>Promoci\u00f3n Outlet:<\/strong> Disponible \u00fanicamente en determinadas tiendas, en fechas y art\u00edculos seleccionados. Sin valor canjeable en efectivo. <\/p>\n\n\n\n<p class=\"has-text-align-left\"><strong>Regalo gratuito con pasaporte<\/strong>: Solo en tiendas Tenerife Perla. Debe canjearse en un plazo de 6 meses. Sin valor canjeable en efectivo.  <\/p>\n\n\n\n<p class=\"has-text-align-left\"><strong>Cup\u00f3n\/tarjeta Pick-a-Pearl Agua Dulce:<\/strong> Solo en tiendas participantes. Debe canjearse antes de la fecha de caducidad. Sin valor canjeable en efectivo.  <\/p>\n\n\n\n<p class=\"has-text-align-left\"><strong>Cup\u00f3n\/tarjeta de regalo gratuito:<\/strong> Solo en tiendas participantes. No canjeable en puertos ni aeropuertos. Debe utilizarse antes de la fecha de caducidad. Sin valor canjeable en efectivo.   <\/p>\n\n\n\n<p class=\"has-text-align-left\"><strong>Tarjetas de descuento:<\/strong> Solo en tiendas Tenerife Perla. Deben canjearse antes de la fecha de caducidad. Sin valor canjeable en efectivo.  <\/p>\n\n\n\n<p class=\"has-text-align-left\"><strong>Ofertas 2&#215;1 (BOGOF) y 3\u00d72:<\/strong> Solo en tiendas y fechas seleccionadas. Sin valor canjeable en efectivo. <\/p>\n\n\n\n<p class=\"has-text-align-left\"><strong>Descuento de \u20ac5 con pasaporte<\/strong>: Solo en tiendas Tenerife Perla. Debe canjearse dentro de los 6 meses posteriores a la primera compra. Sin valor canjeable en efectivo.  <\/p>\n\n\n\n<p class=\"has-text-align-left\"><strong>3 art\u00edculos a precio reducido:<\/strong> Solo en tiendas Tenerife Perla en fechas seleccionadas. Sin valor canjeable en efectivo. <\/p>\n\n\n\n<p class=\"has-text-align-left\">Encuentra tu tienda m\u00e1s cercana <a href=\"https:\/\/www.tenerifeperla.com\/es\/encuentranos\/\" data-type=\"page\" data-id=\"1461\">aqu\u00ed<\/a>.<\/p>\n\n\n\n<h3 class=\"wp-block-heading has-text-align-left mt-4\">Vales y tarjetas regalo:<br\/><\/h3>\n\n\n\n<p class=\"has-text-align-left\">Los vales o tarjetas regalo no podr\u00e1n ser reemplazados en caso de p\u00e9rdida, robo o deterioro.<\/p>\n\n\n\n<p class=\"has-text-align-left\">No son reembolsables ni canjeables por dinero en efectivo u otros vales.<\/p>\n\n\n\n<p class=\"has-text-align-left\">Si el importe de la compra supera el valor del vale, la diferencia podr\u00e1 abonarse con tarjeta o en efectivo. Si es inferior, no se realizar\u00e1 devoluci\u00f3n en efectivo; se emitir\u00e1 un nuevo vale por el importe restante. <\/p>\n\n\n\n<p class=\"has-text-align-left\">Los vales no pueden ser vendidos a terceros sin el consentimiento previo por escrito.<\/p>\n\n\n\n<p class=\"has-text-align-left\">Los vales y tarjetas regalo son v\u00e1lidos \u00fanicamente en tiendas Tenerife Perla y no pueden utilizarse en puertos, aeropuertos ni online.<\/p>\n\n\n\n<p class=\"has-text-align-left\">Las tarjetas regalo adquiridas anteriormente online pueden seguir canje\u00e1ndose en tiendas Tenerife Perla o por tel\u00e9fono.<\/p>\n\n\n\n<h3 class=\"wp-block-heading mt-4\">Precios y errores:<\/h3>\n\n\n\n<p class=\"has-text-align-left\">Todos los precios en tienda incluyen el IGIC (Impuesto General Indirecto Canario).<\/p>\n\n\n\n<p class=\"has-text-align-left\">Tenerife Perla no est\u00e1 obligada a suministrar un producto a un precio incorrecto en caso de error evidente en el precio.<\/p>\n\n\n\n<p class=\"has-text-align-left\">Consulta <a href=\"https:\/\/www.tenerifeperla.com\/es\/condiciones-generales\/\" data-type=\"page\" data-id=\"1602\">aqu\u00ed nuestros t\u00e9rminos y condiciones completos<\/a>.<br\/><\/p>\n<\/div>\n<\/div>\n<\/div>\n","protected":false},"excerpt":{"rendered":"<p>Esta p\u00e1gina describe los t\u00e9rminos y condiciones de todas las ofertas y promociones en tienda. Errores en promociones: Nos reservamos el derecho de cancelar y reembolsar cualquier compra en la que se haya aplicado un descuento como resultado de un fallo t\u00e9cnico o error. Programa de Fidelidad VIP: El programa VIP Loyalty te da acceso [&hellip;]<\/p>\n","protected":false},"author":1,"featured_media":0,"parent":0,"menu_order":0,"comment_status":"closed","ping_status":"closed","template":"","meta":{"_acf_changed":false,"footnotes":""},"class_list":["post-38325","page","type-page","status-publish","hentry"],"acf":[],"_links":{"self":[{"href":"https:\/\/www.tenerifeperla.com\/es\/wp-json\/wp\/v2\/pages\/38325","targetHints":{"allow":["GET"]}}],"collection":[{"href":"https:\/\/www.tenerifeperla.com\/es\/wp-json\/wp\/v2\/pages"}],"about":[{"href":"https:\/\/www.tenerifeperla.com\/es\/wp-json\/wp\/v2\/types\/page"}],"author":[{"embeddable":true,"href":"https:\/\/www.tenerifeperla.com\/es\/wp-json\/wp\/v2\/users\/1"}],"replies":[{"embeddable":true,"href":"https:\/\/www.tenerifeperla.com\/es\/wp-json\/wp\/v2\/comments?post=38325"}],"version-history":[{"count":4,"href":"https:\/\/www.tenerifeperla.com\/es\/wp-json\/wp\/v2\/pages\/38325\/revisions"}],"predecessor-version":[{"id":39004,"href":"https:\/\/www.tenerifeperla.com\/es\/wp-json\/wp\/v2\/pages\/38325\/revisions\/39004"}],"wp:attachment":[{"href":"https:\/\/www.tenerifeperla.com\/es\/wp-json\/wp\/v2\/media?parent=38325"}],"curies":[{"name":"wp","href":"https:\/\/api.w.org\/{rel}","templated":true}]}}