{"id":38273,"date":"2026-04-20T11:15:48","date_gmt":"2026-04-20T10:15:48","guid":{"rendered":"https:\/\/www.tenerifeperla.com\/cuidado-de-las-perlas\/"},"modified":"2026-05-08T08:45:22","modified_gmt":"2026-05-08T07:45:22","slug":"cuidado-de-las-perlas","status":"publish","type":"page","link":"https:\/\/www.tenerifeperla.com\/es\/cuidado-de-las-perlas\/","title":{"rendered":"Cuidado de las Perlas"},"content":{"rendered":"<div class=\"lazyblock-hero-banner-image-HgVth wp-block-lazyblock-hero-banner-image\">\n<style>\n\/* responsive and alignment styles *\/\n@media (min-width: 1140px) {\n  .lazyblock-hero-banner-HgVth .heading-button-wrapper {\n    max-width: 750px;\n  }\n\n  \/* explicit targets for your named button classes (extra specificity) *\/\n  .btn-primary,\n  .btn-secondary,\n  .btn-terciary,\n  .btn-orange {\n    font-size: 15px !important;\n  }\n}\n\n@media (max-width: 781px) {\n  .lazyblock-hero-banner-HgVth .wp-block-cover.hero-banner {\n    min-height: 346px !important;\n      }\n}\n\n@media (max-width: 1140px) {\n  .lazyblock-hero-banner-HgVth .btn-center .lazyblock-hero-banner .flex {\n    flex-direction: row;\n    align-items: center;\n    gap: 2rem;\n  }\n\n  .hero-heading {\n      font-size: 40px !important;\n    }\n\n  .btn-center .hero-heading,\n  .btn-center .hero-subheading {\n    margin: 0;\n  }\n\n  .btn-center .mt-4 {\n    margin-top: 0 !important;\n  }\n}\n\n\/* Force center ONLY when NO btn-center *\/\n\n\/* Reduce font-size for Roboto H1 only if there is no promotion *\/\n.lazyblock-hero-banner-HgVth .heading-roboto-small,\n.lazyblock-hero-banner-HgVth .heading-alegreya-small {\n    font-size: 48px; \/* adjust as needed *\/\n    line-height: 1.2;\n}\n\n@media (max-width: 1140px) {\n    .lazyblock-hero-banner-HgVth .heading-roboto-small,\n.lazyblock-hero-banner-HgVth .heading-alegreya-small  {\n        font-size: 32px;\n    }\n}\n\n@media (max-width: 781px) {\n    .lazyblock-hero-banner-HgVth .heading-roboto-small,\n.lazyblock-hero-banner-HgVth .heading-alegreya-small  {\n        font-size: 32px;\n    }\n}\n\n.lazyblock-hero-banner-HgVth .hero-subheading-h3 {\n  font-size: 35px;\n}\n\n@media (max-width: 1140px) {\n  .lazyblock-hero-banner-HgVth .hero-subheading-h3 {\n    font-size: 30px;\n  }\n}\n\n@media (max-width: 781px) {\n  .lazyblock-hero-banner-HgVth .hero-subheading-h3 {\n    font-size: 22px;\n  }\n}\n\n.lazyblock-hero-banner-HgVth .hero-promotion-h2 {\n  font-size: 35px;\n}\n\n@media (max-width: 1140px) {\n  .lazyblock-hero-banner-HgVth .hero-promotion-h2 {\n    font-size: 30px;\n  }\n}\n\n@media (max-width: 781px) {\n  .lazyblock-hero-banner-HgVth .hero-promotion-h2 {\n    font-size: 22px;\n  }\n}\n\n\/* Overlay support *\/\n.hero-overlay-active {\n  position: relative;\n}\n.hero-overlay-active::before {\n  content: \"\";\n  position: absolute;\n  inset: 0;\n  background: rgba(0,0,0,0.2);\n  z-index: 1;\n}\n.hero-overlay-active .wp-block-cover__inner-container {\n  position: relative;\n  z-index: 2;\n}\n\n\/* Ribbon Badge *\/\n.lazyblock-hero-banner-HgVth .hero-promotion-h2 {\n  width: 60%;\n  max-width: 600px;\n  position: relative;\n  background: #fff;\n  text-align: center;\n  font-size: 40px; \/* Adjusted font size *\/\n  font-weight: bold;\n  text-transform: uppercase;\n  padding: 0.5em;\n  margin: 1em auto 2em;\n  transform: rotate(350deg) skew(-15deg, 5deg); \/* Adjusted skew for longer tails *\/\n  box-shadow: 0 4px 6px rgba(0, 0, 0, 0.1);\n}\n\n\/* Ribbon tails *\/\n.lazyblock-hero-banner-HgVth .hero-promotion-h2::before,\n.lazyblock-hero-banner-HgVth .hero-promotion-h2::after {\n  content: \"\";\n  position: absolute;\n  display: block;\n  bottom: -1em;\n  border: 1em solid #fff;\n  z-index: -1;\n}\n\n\/* Left tail *\/\n.lazyblock-hero-banner-HgVth .hero-promotion-h2::before {\n  left: -3em;\n  border-right-width: 3em;\n  border-left-color: transparent;\n}\n\n\/* Right tail *\/\n.lazyblock-hero-banner-HgVth .hero-promotion-h2::after {\n  right: -3em;\n  border-left-width: 3em;\n  border-right-color: transparent;\n}\n\n.lazyblock-hero-banner-HgVth .promotion-content:before,\n.lazyblock-hero-banner-HgVth .promotion-content:after {\n  content: \"\";\n  position: absolute;\n  display: block;\n  border-style: solid;\n  border-color: rgba(200, 70, 0, 0.5) transparent transparent transparent;\n  bottom: -1em;\n}\n\n.lazyblock-hero-banner-HgVth .promotion-content:before {\n  left: 0;\n  border-width: 1em 0 0 1em;\n}\n\n.lazyblock-hero-banner-HgVth .promotion-content:after {\n  right: 0;\n border-width: 1em 1em 0 0;\n}\n\n.lazyblock-hero-banner.alignfull {\n  margin-top: 0 !important;\n}\n\n\/* Responsive adjustments *\/\n@media (max-width: 1200px) {\n  .lazyblock-hero-banner-HgVth .hero-promotion-h2 {\n    width: 70%;\n    font-size: clamp(16px, 3vw, 20px);\n    margin-bottom: 3rem;\n  }\n  \n}\n\n@media (max-width: 781px) {\n  .lazyblock-hero-banner-HgVth .hero-promotion-h2 {\n    width: 90%;\n    font-size: clamp(14px, 4vw, 18px);\n    padding: 0.4em 1.5em;\n  }\n}\n\n\/* Content alignment *\/\n.lazyblock-hero-banner-HgVth .wp-block-cover__inner-container .content-align-HgVth {\n  align-items: center !important;\n  text-align: center;\n}\n\n@media (min-width: 781px) and (max-width: 1199px) {\n  .lazyblock-hero-banner-HgVth .wp-block-cover__inner-container .content-align-HgVth {\n    align-items: center !important;\n    text-align: center;\n  }\n}\n\n@media (min-width: 1200px) {\n  .lazyblock-hero-banner-HgVth .wp-block-cover__inner-container .content-align-HgVth {\n    align-items: center !important;\n    text-align: center;\n  }\n}\n\n\n\n<\/style>\n\n<div class=\"lazyblock-hero-banner-HgVth  wp-block-lazyblock-hero-banner-image\">\n  <div class=\"lazyblock-hero-banner alignfull wp-block-lazyblock-hero-banner-image\">\n    <div class=\"wp-block-cover hero-banner w-full bg-cover bg-no-repeat text-white \" style=\"background-image: url(&#039;https:\/\/www.tenerifeperla.com\/wp-content\/uploads\/2025\/08\/PearlGuide.avif&#039;); background-position: 60% 0; min-height: 500px;\">\n      <div class=\"wp-block-cover__inner-container is-layout-flow wp-block-cover-is-layout-flow\">\n        <div class=\"flex flex-col gap-4 w-full content-align-HgVth\">\n          \n                      <div class=\"heading-button-wrapper\">\n              \n                              <h1 class=\"hero-heading font-alegreya font-normal heading-alegreya-small\" style=\"color: #ffffff;\">\n                  CUIDADO DE PERLAS                <\/h1>\n              \n              \n              \n            <\/div>\n          \n        <\/div>\n      <\/div>\n    <\/div>\n  <\/div>\n<\/div>\n<\/div>\n<div class=\"wp-block-group has-white-background-color has-background is-layout-constrained wp-block-group-is-layout-constrained\">\n<div class=\"wp-block-columns are-vertically-aligned-center narrow-paragraph is-layout-flex wp-container-core-columns-is-layout-9d6595d7 wp-block-columns-is-layout-flex\">\n<div class=\"wp-block-column is-vertically-aligned-center is-layout-constrained wp-block-column-is-layout-constrained\">\n<p class=\"has-text-align-center no-gap\">Las perlas pueden durar generaciones si se cuidan adecuadamente. Son m\u00e1s delicadas que la mayor\u00eda de las piedras preciosas y pueden da\u00f1arse f\u00e1cilmente si no reciben el cuidado correcto. Esta gu\u00eda explica c\u00f3mo llevarlas, limpiarlas, almacenarlas y volver a ensartarlas para mantenerlas siempre en su mejor estado.  <\/p>\n<\/div>\n<\/div>\n<\/div>\n\n<div class=\"wp-block-group has-light-blue-background-color has-background is-layout-constrained wp-block-group-is-layout-constrained\">\n<div class=\"wp-block-columns are-vertically-aligned-center is-layout-flex wp-container-core-columns-is-layout-9d6595d7 wp-block-columns-is-layout-flex\" id=\"wearing-pearls\">\n<div class=\"wp-block-column is-vertically-aligned-center button-cover is-layout-flow wp-block-column-is-layout-flow\">\n<div class=\"wp-block-cover\"><img loading=\"lazy\" decoding=\"async\" width=\"1080\" height=\"1080\" class=\"wp-block-cover__image-background wp-image-1687 size-full\" alt=\"Models hands holding pearl string necklace our\" src=\"https:\/\/www.tenerifeperla.com\/wp-content\/uploads\/2025\/09\/Signature-solo-en-Armenime.avif\" data-object-fit=\"cover\" srcset=\"https:\/\/www.tenerifeperla.com\/wp-content\/uploads\/2025\/09\/Signature-solo-en-Armenime.avif 1080w, https:\/\/www.tenerifeperla.com\/wp-content\/uploads\/2025\/09\/Signature-solo-en-Armenime-150x150.avif 150w, https:\/\/www.tenerifeperla.com\/wp-content\/uploads\/2025\/09\/Signature-solo-en-Armenime-100x100.avif 100w, https:\/\/www.tenerifeperla.com\/wp-content\/uploads\/2025\/09\/Signature-solo-en-Armenime-300x300.avif 300w, https:\/\/www.tenerifeperla.com\/wp-content\/uploads\/2025\/09\/Signature-solo-en-Armenime-64x64.avif 64w, https:\/\/www.tenerifeperla.com\/wp-content\/uploads\/2025\/09\/Signature-solo-en-Armenime-1024x1024.avif 1024w\" sizes=\"auto, (max-width: 1080px) 100vw, 1080px\" \/><span aria-hidden=\"true\" class=\"wp-block-cover__background has-accent-background-color has-background-dim-0 has-background-dim\"><\/span><div class=\"wp-block-cover__inner-container is-layout-flow wp-block-cover-is-layout-flow\">\n<p class=\"has-text-align-center has-large-font-size\"><\/p>\n<\/div><\/div>\n<\/div>\n\n\n\n<div class=\"wp-block-column is-vertically-aligned-center mobile:px-4 is-layout-constrained wp-block-column-is-layout-constrained\">\n<h2 class=\"wp-block-heading has-text-align-center\">C\u00f3mo Llevar Perlas<\/h2>\n\n\n\n<p class=\"has-text-align-center\">Las perlas son porosas y necesitan humedad para mantener su color y su brillo natural. Llevarlas ayuda a conservarlas, ya que absorben los aceites naturales de la piel. Sin este cuidado, pueden volverse opacas y perder su color con el tiempo.  <\/p>\n\n\n\n<p class=\"has-text-align-center\"><strong>Tambi\u00e9n son sensibles a las sustancias qu\u00edmicas cotidianas, entre ellas:<\/strong><\/p>\n\n\n\n<p class=\"has-text-align-center\">Perfume y laca para el cabello \u2013 pueden da\u00f1ar la superficie de la perla<br\/>Productos de limpieza \u2013 retira siempre las perlas antes de usarlos<br\/>Maquillaje y lociones corporales \u2013 apl\u00edcalos primero, espera unos minutos y despu\u00e9s ponte las perlas<br\/><\/p>\n\n\n\n<p class=\"has-text-align-center\">Por \u00faltimo, ten especial cuidado con los anillos de perlas. Aunque est\u00e1n firmemente engastados, un golpe o el uso de guantes puede aflojar o da\u00f1ar el engaste.<br\/> <\/p>\n<\/div>\n<\/div>\n<\/div>\n\n<div class=\"wp-block-group has-header-background-color has-background is-layout-constrained wp-block-group-is-layout-constrained\">\n<div class=\"wp-block-columns are-vertically-aligned-center narrow-paragraph is-layout-flex wp-container-core-columns-is-layout-9d6595d7 wp-block-columns-is-layout-flex\">\n<div class=\"wp-block-column is-vertically-aligned-center is-layout-constrained wp-block-column-is-layout-constrained\">\n<h2 class=\"wp-block-heading has-text-align-center page-title has-text-primary-color has-text-color has-link-color wp-elements-fd2b45638433510bbc1d498a78437885\">LIMPIEZA Y CONSERVACI\u00d3N DE LAS PERLAS<br\/><\/h2>\n\n\n\n<p class=\"has-text-align-center\">Una soluci\u00f3n suave de agua con jab\u00f3n es una forma segura de limpiar las perlas, aunque tambi\u00e9n existen kits de limpieza especializados. Recomendamos que cada cliente elija el m\u00e9todo que mejor se adapte a sus necesidades, normalmente en funci\u00f3n del valor de sus perlas. Guarda las perlas en un pa\u00f1o suave, como una bolsita de Tenerife Perla, para evitar ara\u00f1azos. Evita las cajas de joyer\u00eda tradicionales con bordes duros, ya que pueden da\u00f1arlas.    <\/p>\n<\/div>\n<\/div>\n<\/div>\n\n<div class=\"wp-block-group has-light-background-color has-background is-layout-constrained wp-block-group-is-layout-constrained\">\n<div class=\"wp-block-columns are-vertically-aligned-center is-layout-flex wp-container-core-columns-is-layout-9d6595d7 wp-block-columns-is-layout-flex\">\n<div class=\"wp-block-column is-vertically-aligned-center is-layout-constrained wp-block-column-is-layout-constrained\">\n<h2 class=\"wp-block-heading has-text-align-center\">Volver a Ensartar las Perlas<\/h2>\n\n\n\n<p class=\"has-text-align-center\">Todas nuestras cadenas de perlas se anudan a mano de forma individual utilizando dos hebras de seda. Esto evita el roce entre las perlas y garantiza que, si el hilo se rompe, solo se perder\u00eda una perla. Con el tiempo, la seda puede estirarse o decolorarse dependiendo del uso.  <\/p>\n\n\n\n<p class=\"has-text-align-center\">Las perlas pueden volver a ensartarse f\u00e1cilmente cuando sea necesario. Ofrecemos un servicio r\u00e1pido de reensartado; simplemente <a href=\"mailto:sac@tenerifeperla.com\">enviarnos un correo electr\u00f3nico<\/a> para organizarlo.<br\/> <\/p>\n<\/div>\n\n\n\n<div class=\"wp-block-column is-vertically-aligned-center button-cover is-layout-flow wp-block-column-is-layout-flow\">\n<div class=\"wp-block-cover\" style=\"min-height:314px;aspect-ratio:unset;\"><img loading=\"lazy\" decoding=\"async\" width=\"600\" height=\"400\" class=\"wp-block-cover__image-background wp-image-36831 size-full\" alt=\"Workshop Pearl Stringing\" src=\"https:\/\/www.tenerifeperla.com\/wp-content\/uploads\/2025\/12\/workshop-pearl-stringing.jpg\" style=\"object-position:21% 37%\" data-object-fit=\"cover\" data-object-position=\"21% 37%\" srcset=\"https:\/\/www.tenerifeperla.com\/wp-content\/uploads\/2025\/12\/workshop-pearl-stringing.jpg 600w, https:\/\/www.tenerifeperla.com\/wp-content\/uploads\/2025\/12\/workshop-pearl-stringing-300x200.jpg 300w, https:\/\/www.tenerifeperla.com\/wp-content\/uploads\/2025\/12\/workshop-pearl-stringing-64x43.jpg 64w\" sizes=\"auto, (max-width: 600px) 100vw, 600px\" \/><span aria-hidden=\"true\" class=\"wp-block-cover__background has-accent-background-color has-background-dim-0 has-background-dim\"><\/span><div class=\"wp-block-cover__inner-container is-layout-flow wp-block-cover-is-layout-flow\">\n<p class=\"has-text-align-center has-large-font-size\"><\/p>\n<\/div><\/div>\n<\/div>\n<\/div>\n<\/div>\n\n<div class=\"wp-block-group has-white-background-color has-background is-layout-constrained wp-block-group-is-layout-constrained\">\n<div class=\"wp-block-columns is-layout-flex wp-container-core-columns-is-layout-9d6595d7 wp-block-columns-is-layout-flex\">\n<div class=\"wp-block-column is-layout-constrained wp-block-column-is-layout-constrained\" style=\"flex-basis:100%\">\n<div class=\"wp-block-columns narrow-paragraph is-layout-flex wp-container-core-columns-is-layout-9d6595d7 wp-block-columns-is-layout-flex\">\n<div class=\"wp-block-column is-layout-flow wp-block-column-is-layout-flow\">\n<h2 class=\"wp-block-heading has-text-align-center\">DESCUBRE LO QUE TE ESPERA EN NUESTRAS TIENDAS<\/h2>\n\n\n\n<p class=\"has-text-align-center\">Insp\u00edrate con algunas de las perlas que podr\u00e1s ver en tienda.<\/p>\n<\/div>\n<\/div>\n\n\n\n<div class=\"wp-block-columns fourcols is-layout-flex wp-container-core-columns-is-layout-9d6595d7 wp-block-columns-is-layout-flex\">\n<div class=\"wp-block-column cat-button-cover is-layout-constrained wp-block-column-is-layout-constrained\">\n<div class=\"wp-block-cover is-light\" style=\"min-height:350px;aspect-ratio:unset;\"><img loading=\"lazy\" decoding=\"async\" width=\"600\" height=\"800\" class=\"wp-block-cover__image-background wp-image-1345 size-full\" alt=\"model wearing pearl necklace and ring\" src=\"https:\/\/www.tenerifeperla.com\/wp-content\/uploads\/2025\/08\/island-inspired.avif\" data-object-fit=\"cover\" srcset=\"https:\/\/www.tenerifeperla.com\/wp-content\/uploads\/2025\/08\/island-inspired.avif 600w, https:\/\/www.tenerifeperla.com\/wp-content\/uploads\/2025\/08\/island-inspired-300x400.avif 300w, https:\/\/www.tenerifeperla.com\/wp-content\/uploads\/2025\/08\/island-inspired-64x85.avif 64w, https:\/\/www.tenerifeperla.com\/wp-content\/uploads\/2025\/08\/island-inspired-225x300.avif 225w\" sizes=\"auto, (max-width: 600px) 100vw, 600px\" \/><span aria-hidden=\"true\" class=\"wp-block-cover__background has-accent-background-color has-background-dim-20 has-background-dim\"><\/span><div class=\"wp-block-cover__inner-container is-layout-flow wp-block-cover-is-layout-flow\">\n<p class=\"has-text-align-center has-large-font-size\"><\/p>\n<\/div><\/div>\n<\/div>\n\n\n\n<div class=\"wp-block-column cat-button-cover is-layout-constrained wp-block-column-is-layout-constrained\">\n<div class=\"wp-block-cover\" style=\"min-height:350px;aspect-ratio:unset;\"><img loading=\"lazy\" decoding=\"async\" width=\"600\" height=\"800\" class=\"wp-block-cover__image-background wp-image-36629 size-full\" alt=\"Rita\" src=\"https:\/\/www.tenerifeperla.com\/wp-content\/uploads\/2025\/12\/rita.jpg\" data-object-fit=\"cover\" srcset=\"https:\/\/www.tenerifeperla.com\/wp-content\/uploads\/2025\/12\/rita.jpg 600w, https:\/\/www.tenerifeperla.com\/wp-content\/uploads\/2025\/12\/rita-300x400.jpg 300w, https:\/\/www.tenerifeperla.com\/wp-content\/uploads\/2025\/12\/rita-64x85.jpg 64w, https:\/\/www.tenerifeperla.com\/wp-content\/uploads\/2025\/12\/rita-225x300.jpg 225w\" sizes=\"auto, (max-width: 600px) 100vw, 600px\" \/><span aria-hidden=\"true\" class=\"wp-block-cover__background has-footer-background-color has-background-dim-20 has-background-dim\"><\/span><div class=\"wp-block-cover__inner-container is-layout-flow wp-block-cover-is-layout-flow\">\n<p class=\"has-text-align-center has-large-font-size\"><\/p>\n<\/div><\/div>\n<\/div>\n\n\n\n<div class=\"wp-block-column cat-button-cover is-layout-constrained wp-block-column-is-layout-constrained\">\n<div class=\"wp-block-cover\" style=\"min-height:350px;aspect-ratio:unset;\"><img loading=\"lazy\" decoding=\"async\" width=\"600\" height=\"800\" class=\"wp-block-cover__image-background wp-image-36628 size-full\" alt=\"Joy &amp; Solera\" src=\"https:\/\/www.tenerifeperla.com\/wp-content\/uploads\/2025\/12\/Joy-Solera.jpg\" data-object-fit=\"cover\" srcset=\"https:\/\/www.tenerifeperla.com\/wp-content\/uploads\/2025\/12\/Joy-Solera.jpg 600w, https:\/\/www.tenerifeperla.com\/wp-content\/uploads\/2025\/12\/Joy-Solera-300x400.jpg 300w, https:\/\/www.tenerifeperla.com\/wp-content\/uploads\/2025\/12\/Joy-Solera-64x85.jpg 64w, https:\/\/www.tenerifeperla.com\/wp-content\/uploads\/2025\/12\/Joy-Solera-225x300.jpg 225w\" sizes=\"auto, (max-width: 600px) 100vw, 600px\" \/><span aria-hidden=\"true\" class=\"wp-block-cover__background has-accent-background-color has-background-dim-20 has-background-dim\"><\/span><div class=\"wp-block-cover__inner-container is-layout-flow wp-block-cover-is-layout-flow\">\n<p class=\"has-text-align-center has-large-font-size\"><\/p>\n<\/div><\/div>\n<\/div>\n\n\n\n<div class=\"wp-block-column cat-button-cover is-layout-constrained wp-block-column-is-layout-constrained\">\n<div class=\"wp-block-cover\" style=\"min-height:350px;aspect-ratio:unset;\"><img loading=\"lazy\" decoding=\"async\" width=\"600\" height=\"800\" class=\"wp-block-cover__image-background wp-image-36630 size-full\" alt=\"Solera\" src=\"https:\/\/www.tenerifeperla.com\/wp-content\/uploads\/2025\/12\/Solera.jpg\" data-object-fit=\"cover\" srcset=\"https:\/\/www.tenerifeperla.com\/wp-content\/uploads\/2025\/12\/Solera.jpg 600w, https:\/\/www.tenerifeperla.com\/wp-content\/uploads\/2025\/12\/Solera-300x400.jpg 300w, https:\/\/www.tenerifeperla.com\/wp-content\/uploads\/2025\/12\/Solera-64x85.jpg 64w, https:\/\/www.tenerifeperla.com\/wp-content\/uploads\/2025\/12\/Solera-225x300.jpg 225w\" sizes=\"auto, (max-width: 600px) 100vw, 600px\" \/><span aria-hidden=\"true\" class=\"wp-block-cover__background has-accent-background-color has-background-dim-20 has-background-dim\"><\/span><div class=\"wp-block-cover__inner-container is-layout-flow wp-block-cover-is-layout-flow\">\n<p class=\"has-text-align-center has-large-font-size\"><\/p>\n<\/div><\/div>\n<\/div>\n<\/div>\n\n\n\n<div class=\"wp-block-columns is-layout-flex wp-container-core-columns-is-layout-9d6595d7 wp-block-columns-is-layout-flex\">\n<div class=\"wp-block-column is-layout-flow wp-block-column-is-layout-flow\">\n<div class=\"wp-block-buttons is-content-justification-center is-layout-flex wp-container-core-buttons-is-layout-16018d1d wp-block-buttons-is-layout-flex\">\n<div class=\"wp-block-button is-style-primary\"><a class=\"wp-block-button__link wp-element-button\" href=\"\/es\/perlas-que-inspiran\/\">NUESTRA COLECCI\u00d3N DE PERLAS<\/a><\/div>\n<\/div>\n<\/div>\n<\/div>\n<\/div>\n<\/div>\n<\/div>\n","protected":false},"excerpt":{"rendered":"<p>Las perlas pueden durar generaciones si se cuidan adecuadamente. Son m\u00e1s delicadas que la mayor\u00eda de las piedras preciosas y pueden da\u00f1arse f\u00e1cilmente si no reciben el cuidado correcto. Esta gu\u00eda explica c\u00f3mo llevarlas, limpiarlas, almacenarlas y volver a ensartarlas para mantenerlas siempre en su mejor estado. C\u00f3mo Llevar Perlas Las perlas son porosas y [&hellip;]<\/p>\n","protected":false},"author":5,"featured_media":0,"parent":0,"menu_order":0,"comment_status":"closed","ping_status":"closed","template":"","meta":{"_acf_changed":false,"footnotes":""},"class_list":["post-38273","page","type-page","status-publish","hentry"],"acf":[],"_links":{"self":[{"href":"https:\/\/www.tenerifeperla.com\/es\/wp-json\/wp\/v2\/pages\/38273","targetHints":{"allow":["GET"]}}],"collection":[{"href":"https:\/\/www.tenerifeperla.com\/es\/wp-json\/wp\/v2\/pages"}],"about":[{"href":"https:\/\/www.tenerifeperla.com\/es\/wp-json\/wp\/v2\/types\/page"}],"author":[{"embeddable":true,"href":"https:\/\/www.tenerifeperla.com\/es\/wp-json\/wp\/v2\/users\/5"}],"replies":[{"embeddable":true,"href":"https:\/\/www.tenerifeperla.com\/es\/wp-json\/wp\/v2\/comments?post=38273"}],"version-history":[{"count":5,"href":"https:\/\/www.tenerifeperla.com\/es\/wp-json\/wp\/v2\/pages\/38273\/revisions"}],"predecessor-version":[{"id":39070,"href":"https:\/\/www.tenerifeperla.com\/es\/wp-json\/wp\/v2\/pages\/38273\/revisions\/39070"}],"wp:attachment":[{"href":"https:\/\/www.tenerifeperla.com\/es\/wp-json\/wp\/v2\/media?parent=38273"}],"curies":[{"name":"wp","href":"https:\/\/api.w.org\/{rel}","templated":true}]}}