{"id":38250,"date":"2026-04-17T15:10:03","date_gmt":"2026-04-17T14:10:03","guid":{"rendered":"https:\/\/www.tenerifeperla.com\/neutro-en-carbono\/"},"modified":"2026-05-07T13:30:46","modified_gmt":"2026-05-07T12:30:46","slug":"carbon-neutral","status":"publish","type":"page","link":"https:\/\/www.tenerifeperla.com\/es\/carbon-neutral\/","title":{"rendered":"Neutro en Carbono"},"content":{"rendered":"<div class=\"lazyblock-hero-banner-image-HgVth wp-block-lazyblock-hero-banner-image\">\n<style>\n\/* responsive and alignment styles *\/\n@media (min-width: 1140px) {\n  .lazyblock-hero-banner-HgVth .heading-button-wrapper {\n    max-width: 750px;\n  }\n\n  \/* explicit targets for your named button classes (extra specificity) *\/\n  .btn-primary,\n  .btn-secondary,\n  .btn-terciary,\n  .btn-orange {\n    font-size: 15px !important;\n  }\n}\n\n@media (max-width: 781px) {\n  .lazyblock-hero-banner-HgVth .wp-block-cover.hero-banner {\n    min-height: 346px !important;\n      }\n}\n\n@media (max-width: 1140px) {\n  .lazyblock-hero-banner-HgVth .btn-center .lazyblock-hero-banner .flex {\n    flex-direction: row;\n    align-items: center;\n    gap: 2rem;\n  }\n\n  .hero-heading {\n      font-size: 40px !important;\n    }\n\n  .btn-center .hero-heading,\n  .btn-center .hero-subheading {\n    margin: 0;\n  }\n\n  .btn-center .mt-4 {\n    margin-top: 0 !important;\n  }\n}\n\n\/* Force center ONLY when NO btn-center *\/\n\n\/* Reduce font-size for Roboto H1 only if there is no promotion *\/\n.lazyblock-hero-banner-HgVth .heading-roboto-small,\n.lazyblock-hero-banner-HgVth .heading-alegreya-small {\n    font-size: 48px; \/* adjust as needed *\/\n    line-height: 1.2;\n}\n\n@media (max-width: 1140px) {\n    .lazyblock-hero-banner-HgVth .heading-roboto-small,\n.lazyblock-hero-banner-HgVth .heading-alegreya-small  {\n        font-size: 32px;\n    }\n}\n\n@media (max-width: 781px) {\n    .lazyblock-hero-banner-HgVth .heading-roboto-small,\n.lazyblock-hero-banner-HgVth .heading-alegreya-small  {\n        font-size: 32px;\n    }\n}\n\n.lazyblock-hero-banner-HgVth .hero-subheading-h3 {\n  font-size: 35px;\n}\n\n@media (max-width: 1140px) {\n  .lazyblock-hero-banner-HgVth .hero-subheading-h3 {\n    font-size: 30px;\n  }\n}\n\n@media (max-width: 781px) {\n  .lazyblock-hero-banner-HgVth .hero-subheading-h3 {\n    font-size: 22px;\n  }\n}\n\n.lazyblock-hero-banner-HgVth .hero-promotion-h2 {\n  font-size: 35px;\n}\n\n@media (max-width: 1140px) {\n  .lazyblock-hero-banner-HgVth .hero-promotion-h2 {\n    font-size: 30px;\n  }\n}\n\n@media (max-width: 781px) {\n  .lazyblock-hero-banner-HgVth .hero-promotion-h2 {\n    font-size: 22px;\n  }\n}\n\n\/* Overlay support *\/\n.hero-overlay-active {\n  position: relative;\n}\n.hero-overlay-active::before {\n  content: \"\";\n  position: absolute;\n  inset: 0;\n  background: rgba(0,0,0,0.2);\n  z-index: 1;\n}\n.hero-overlay-active .wp-block-cover__inner-container {\n  position: relative;\n  z-index: 2;\n}\n\n\/* Ribbon Badge *\/\n.lazyblock-hero-banner-HgVth .hero-promotion-h2 {\n  width: 60%;\n  max-width: 600px;\n  position: relative;\n  background: #fff;\n  text-align: center;\n  font-size: 40px; \/* Adjusted font size *\/\n  font-weight: bold;\n  text-transform: uppercase;\n  padding: 0.5em;\n  margin: 1em auto 2em;\n  transform: rotate(350deg) skew(-15deg, 5deg); \/* Adjusted skew for longer tails *\/\n  box-shadow: 0 4px 6px rgba(0, 0, 0, 0.1);\n}\n\n\/* Ribbon tails *\/\n.lazyblock-hero-banner-HgVth .hero-promotion-h2::before,\n.lazyblock-hero-banner-HgVth .hero-promotion-h2::after {\n  content: \"\";\n  position: absolute;\n  display: block;\n  bottom: -1em;\n  border: 1em solid #fff;\n  z-index: -1;\n}\n\n\/* Left tail *\/\n.lazyblock-hero-banner-HgVth .hero-promotion-h2::before {\n  left: -3em;\n  border-right-width: 3em;\n  border-left-color: transparent;\n}\n\n\/* Right tail *\/\n.lazyblock-hero-banner-HgVth .hero-promotion-h2::after {\n  right: -3em;\n  border-left-width: 3em;\n  border-right-color: transparent;\n}\n\n.lazyblock-hero-banner-HgVth .promotion-content:before,\n.lazyblock-hero-banner-HgVth .promotion-content:after {\n  content: \"\";\n  position: absolute;\n  display: block;\n  border-style: solid;\n  border-color: rgba(200, 70, 0, 0.5) transparent transparent transparent;\n  bottom: -1em;\n}\n\n.lazyblock-hero-banner-HgVth .promotion-content:before {\n  left: 0;\n  border-width: 1em 0 0 1em;\n}\n\n.lazyblock-hero-banner-HgVth .promotion-content:after {\n  right: 0;\n border-width: 1em 1em 0 0;\n}\n\n.lazyblock-hero-banner.alignfull {\n  margin-top: 0 !important;\n}\n\n\/* Responsive adjustments *\/\n@media (max-width: 1200px) {\n  .lazyblock-hero-banner-HgVth .hero-promotion-h2 {\n    width: 70%;\n    font-size: clamp(16px, 3vw, 20px);\n    margin-bottom: 3rem;\n  }\n  \n}\n\n@media (max-width: 781px) {\n  .lazyblock-hero-banner-HgVth .hero-promotion-h2 {\n    width: 90%;\n    font-size: clamp(14px, 4vw, 18px);\n    padding: 0.4em 1.5em;\n  }\n}\n\n\/* Content alignment *\/\n.lazyblock-hero-banner-HgVth .wp-block-cover__inner-container .content-align-HgVth {\n  align-items: center !important;\n  text-align: center;\n}\n\n@media (min-width: 781px) and (max-width: 1199px) {\n  .lazyblock-hero-banner-HgVth .wp-block-cover__inner-container .content-align-HgVth {\n    align-items: center !important;\n    text-align: center;\n  }\n}\n\n@media (min-width: 1200px) {\n  .lazyblock-hero-banner-HgVth .wp-block-cover__inner-container .content-align-HgVth {\n    align-items: center !important;\n    text-align: center;\n  }\n}\n\n\n\n<\/style>\n\n<div class=\"lazyblock-hero-banner-HgVth  wp-block-lazyblock-hero-banner-image\">\n  <div class=\"lazyblock-hero-banner alignfull wp-block-lazyblock-hero-banner-image\">\n    <div class=\"wp-block-cover hero-banner w-full bg-cover bg-no-repeat text-white \" style=\"background-image: url(&#039;https:\/\/www.tenerifeperla.com\/wp-content\/uploads\/2025\/11\/CarbonNeutralbanner-1.jpg&#039;); background-position: 60% 0; min-height: 500px;\">\n      <div class=\"wp-block-cover__inner-container is-layout-flow wp-block-cover-is-layout-flow\">\n        <div class=\"flex flex-col gap-4 w-full content-align-HgVth\">\n          \n                      <div class=\"heading-button-wrapper\">\n              \n                              <h1 class=\"hero-heading font-alegreya font-normal heading-alegreya-small\" style=\"color: #ffffff;\">\n                  Neutro en Carbono                <\/h1>\n              \n              \n              \n            <\/div>\n          \n        <\/div>\n      <\/div>\n    <\/div>\n  <\/div>\n<\/div>\n<\/div>\n<div class=\"wp-block-group has-white-background-color has-background is-layout-constrained wp-block-group-is-layout-constrained\">\n<div class=\"wp-block-columns is-layout-flex wp-container-core-columns-is-layout-9d6595d7 wp-block-columns-is-layout-flex\">\n<div class=\"wp-block-column is-layout-constrained wp-block-column-is-layout-constrained\">\n<div class=\"wp-block-columns are-vertically-aligned-center is-layout-flex wp-container-core-columns-is-layout-9d6595d7 wp-block-columns-is-layout-flex\">\n<div class=\"wp-block-column is-vertically-aligned-center is-layout-constrained wp-block-column-is-layout-constrained\">\n<p class=\"has-text-align-center\">Las ostras productoras de perlas son criaturas ancestrales muy sensibles a su entorno. Por ello, los cultivadores de perlas se esfuerzan al m\u00e1ximo por mantener el agua en la que viven limpia, evitando la contaminaci\u00f3n, la pesca con cianuro y la pesca con dinamita en sus zonas locales.<br\/> <\/p>\n\n\n\n<p class=\"has-text-align-center\">Esto crea zonas \u00fanicas de gran belleza natural y una extraordinaria biodiversidad alrededor de las granjas de perlas.<\/p>\n<\/div>\n<\/div>\n\n\n\n<div class=\"wp-block-columns mt-4 is-layout-flex wp-container-core-columns-is-layout-9d6595d7 wp-block-columns-is-layout-flex\">\n<div class=\"wp-block-column is-layout-constrained wp-block-column-is-layout-constrained\">\n<div class=\"wp-block-cover\" style=\"min-height:350px;aspect-ratio:unset;\"><img loading=\"lazy\" decoding=\"async\" width=\"600\" height=\"400\" class=\"wp-block-cover__image-background wp-image-36276 size-full\" alt=\"oyster open on pearl farm\" src=\"https:\/\/www.tenerifeperla.com\/wp-content\/uploads\/2025\/11\/Pearl-farming-and-carbon-neutral-pearls.jpg\" data-object-fit=\"cover\" srcset=\"https:\/\/www.tenerifeperla.com\/wp-content\/uploads\/2025\/11\/Pearl-farming-and-carbon-neutral-pearls.jpg 600w, https:\/\/www.tenerifeperla.com\/wp-content\/uploads\/2025\/11\/Pearl-farming-and-carbon-neutral-pearls-300x200.jpg 300w, https:\/\/www.tenerifeperla.com\/wp-content\/uploads\/2025\/11\/Pearl-farming-and-carbon-neutral-pearls-64x43.jpg 64w\" sizes=\"auto, (max-width: 600px) 100vw, 600px\" \/><span aria-hidden=\"true\" class=\"wp-block-cover__background has-accent-background-color has-background-dim-20 has-background-dim\"><\/span><div class=\"wp-block-cover__inner-container is-layout-flow wp-block-cover-is-layout-flow\">\n<p class=\"has-text-align-center has-large-font-size\"><\/p>\n<\/div><\/div>\n<\/div>\n\n\n\n<div class=\"wp-block-column is-layout-constrained wp-block-column-is-layout-constrained\">\n<div class=\"wp-block-cover\" style=\"min-height:350px;aspect-ratio:unset;\"><img loading=\"lazy\" decoding=\"async\" width=\"600\" height=\"400\" class=\"wp-block-cover__image-background wp-image-36274 size-full\" alt=\"pearl farm nets under the water\" src=\"https:\/\/www.tenerifeperla.com\/wp-content\/uploads\/2025\/11\/Pearl-farm-and-carbon-neutral-pearls.jpg\" data-object-fit=\"cover\" srcset=\"https:\/\/www.tenerifeperla.com\/wp-content\/uploads\/2025\/11\/Pearl-farm-and-carbon-neutral-pearls.jpg 600w, https:\/\/www.tenerifeperla.com\/wp-content\/uploads\/2025\/11\/Pearl-farm-and-carbon-neutral-pearls-300x200.jpg 300w, https:\/\/www.tenerifeperla.com\/wp-content\/uploads\/2025\/11\/Pearl-farm-and-carbon-neutral-pearls-64x43.jpg 64w\" sizes=\"auto, (max-width: 600px) 100vw, 600px\" \/><span aria-hidden=\"true\" class=\"wp-block-cover__background has-footer-background-color has-background-dim-20 has-background-dim\"><\/span><div class=\"wp-block-cover__inner-container is-layout-flow wp-block-cover-is-layout-flow\">\n<p class=\"has-text-align-center has-large-font-size\"><\/p>\n<\/div><\/div>\n<\/div>\n\n\n\n<div class=\"wp-block-column is-layout-constrained wp-block-column-is-layout-constrained\">\n<div class=\"wp-block-cover\" style=\"min-height:350px;aspect-ratio:unset;\"><img loading=\"lazy\" decoding=\"async\" width=\"600\" height=\"400\" class=\"wp-block-cover__image-background wp-image-36275 size-full\" alt=\"oysters in a net\" src=\"https:\/\/www.tenerifeperla.com\/wp-content\/uploads\/2025\/11\/Pearl-farm-nets-and-carbon-neutral-pearls.jpg\" data-object-fit=\"cover\" srcset=\"https:\/\/www.tenerifeperla.com\/wp-content\/uploads\/2025\/11\/Pearl-farm-nets-and-carbon-neutral-pearls.jpg 600w, https:\/\/www.tenerifeperla.com\/wp-content\/uploads\/2025\/11\/Pearl-farm-nets-and-carbon-neutral-pearls-300x200.jpg 300w, https:\/\/www.tenerifeperla.com\/wp-content\/uploads\/2025\/11\/Pearl-farm-nets-and-carbon-neutral-pearls-64x43.jpg 64w\" sizes=\"auto, (max-width: 600px) 100vw, 600px\" \/><span aria-hidden=\"true\" class=\"wp-block-cover__background has-accent-background-color has-background-dim-20 has-background-dim\"><\/span><div class=\"wp-block-cover__inner-container is-layout-flow wp-block-cover-is-layout-flow\">\n<p class=\"has-text-align-center has-large-font-size\"><\/p>\n<\/div><\/div>\n<\/div>\n<\/div>\n<\/div>\n<\/div>\n<\/div>\n\n<div class=\"wp-block-group has-white-background-color has-background is-layout-constrained wp-block-group-is-layout-constrained\">\n<div class=\"wp-block-columns are-vertically-aligned-center is-layout-flex wp-container-core-columns-is-layout-9d6595d7 wp-block-columns-is-layout-flex\">\n<div class=\"wp-block-column is-vertically-aligned-center is-layout-constrained wp-block-column-is-layout-constrained\">\n<p class=\"has-text-align-center\">Por eso colaboramos con <a href=\"https:\/\/www.naturalcapitalpartners.com\/\" target=\"_blank\" rel=\"noreferrer noopener\">Natural Capital Partners <\/a>para compensar la huella de carbono de nuestras perlas, joyas y embalajes, creando la \u00fanica joyer\u00eda de perlas CarbonNeutral\u00ae del mundo. Este compromiso nos ha llevado a apoyar el desarrollo de instalaciones hidroel\u00e9ctricas en China (cerca de granjas de perlas de agua dulce), as\u00ed como la protecci\u00f3n de zonas de Borneo frente a la deforestaci\u00f3n. <\/p>\n\n\n\n<p class=\"has-text-align-center\">El centro principal de Tenerife Perla ha florecido hasta convertirse en uno de los destinos imprescindibles de la isla. Un lugar donde los visitantes vienen a encontrar la pieza perfecta para celebrar su estancia y descubrir todo lo que hace especial a su perla.<br\/> <\/p>\n<\/div>\n<\/div>\n<\/div>\n","protected":false},"excerpt":{"rendered":"<p>Las ostras productoras de perlas son criaturas ancestrales muy sensibles a su entorno. Por ello, los cultivadores de perlas se esfuerzan al m\u00e1ximo por mantener el agua en la que viven limpia, evitando la contaminaci\u00f3n, la pesca con cianuro y la pesca con dinamita en sus zonas locales. Esto crea zonas \u00fanicas de gran belleza [&hellip;]<\/p>\n","protected":false},"author":1,"featured_media":0,"parent":0,"menu_order":0,"comment_status":"closed","ping_status":"closed","template":"page-fullwidth.php","meta":{"_acf_changed":false,"footnotes":""},"class_list":["post-38250","page","type-page","status-publish","hentry"],"acf":[],"_links":{"self":[{"href":"https:\/\/www.tenerifeperla.com\/es\/wp-json\/wp\/v2\/pages\/38250","targetHints":{"allow":["GET"]}}],"collection":[{"href":"https:\/\/www.tenerifeperla.com\/es\/wp-json\/wp\/v2\/pages"}],"about":[{"href":"https:\/\/www.tenerifeperla.com\/es\/wp-json\/wp\/v2\/types\/page"}],"author":[{"embeddable":true,"href":"https:\/\/www.tenerifeperla.com\/es\/wp-json\/wp\/v2\/users\/1"}],"replies":[{"embeddable":true,"href":"https:\/\/www.tenerifeperla.com\/es\/wp-json\/wp\/v2\/comments?post=38250"}],"version-history":[{"count":5,"href":"https:\/\/www.tenerifeperla.com\/es\/wp-json\/wp\/v2\/pages\/38250\/revisions"}],"predecessor-version":[{"id":38365,"href":"https:\/\/www.tenerifeperla.com\/es\/wp-json\/wp\/v2\/pages\/38250\/revisions\/38365"}],"wp:attachment":[{"href":"https:\/\/www.tenerifeperla.com\/es\/wp-json\/wp\/v2\/media?parent=38250"}],"curies":[{"name":"wp","href":"https:\/\/api.w.org\/{rel}","templated":true}]}}